{"id":629,"date":"2017-05-10T00:00:00","date_gmt":"2017-05-10T00:00:00","guid":{"rendered":"http:\/\/air-avionics.com\/new?page_id=629"},"modified":"2025-04-14T11:43:11","modified_gmt":"2025-04-14T09:43:11","slug":"home","status":"publish","type":"page","link":"https:\/\/staging.air-avionics.com\/de\/","title":{"rendered":"Home"},"content":{"rendered":"<p><img decoding=\"async\" src=\"\/wp-content\/uploads\/D06_001_ATD-11_01-Kopie-2.png\" alt=\"\"><\/p>\n<h1>F\u00fcr bessere Fl\u00fcge.<\/h1>\n<div>Herzlich Willkommen bei AIR Avionics. Wir nutzen neueste Technologien um Ihre Fl\u00fcge besser, sicherer und einfacher zu machen.<\/div>\n<p>\n    <a href=\"\/index.php?page_id=21&amp;lang=de\">Mehr \u00fcber uns<\/a>\n<\/p>\n<h2>Verkehr sicher vermeiden<\/h2>\n<p>\n    <a href=\"https:\/\/www.air-avionics.com\/?page_id=653&#038;lang=de\">AIR Traffic Systeme<\/a>\n<\/p>\n<p><img decoding=\"async\" src=\"\/wp-content\/uploads\/D06_008_ATD-80__AT-1__AD80_00-Kopie-2.png\" alt=\"\"><\/p>\n<h2><span style=\"color: #F30EAB\">Eine klitzekleine Revolution<\/span><\/h2>\n<p>\n    <a href=\"http:\/\/www.air-avionics.com?page_id=178&#038;lang=de\">Funk &#038; XPDR Systeme<\/a>\n<\/p>\n<p><img decoding=\"async\" src=\"\/wp-content\/uploads\/011_ACD-57__AC-1__AX-1__LRU-Verbindungswinkel_05-Kopie.png\" alt=\"\"><\/p>\n<p><!--more--><br \/>\n<!-- {\"type\":\"layout\",\"children\":[{\"name\":\"Hero\",\"type\":\"section\",\"props\":{\"animation\":\"fade\",\"header_overlay\":\"light\",\"header_transparent\":\"dark\",\"header_transparent_noplaceholder\":false,\"height\":\"percent\",\"height_viewport\":true,\"image\":\"wp-content\\\/uploads\\\/K04-01-S372-01_low.jpg\",\"image_effect\":\"parallax\",\"image_fixed\":false,\"image_focal_point\":\"top-left\",\"image_parallax\":-540,\"image_parallax_bgx\":\"0,0\",\"image_parallax_bgy\":\"0,0\",\"image_parallax_breakpoint\":\"m\",\"image_parallax_easing\":\"1\",\"image_position\":\"top-center\",\"image_size\":\"cover\",\"media\":\"images\\\/home-header.jpg\",\"media_advanced\":true,\"media_blend_mode\":\"lighten\",\"media_overlay\":\"hsla(0, 0%, 0%, 0)\",\"overlap\":false,\"padding\":\"xlarge\",\"padding_remove_bottom\":false,\"padding_remove_top\":false,\"style\":\"default\",\"text_color\":\"dark\",\"title_breakpoint\":\"xl\",\"title_position\":\"top-left\",\"title_rotation\":\"left\",\"vertical_align\":\"bottom\",\"width\":\"default\"},\"children\":[{\"type\":\"row\",\"props\":{\"column_gap\":\"large\",\"divider\":false,\"layout\":\"3-5,2-5\",\"margin\":\"large\",\"margin_remove_bottom\":false,\"margin_remove_top\":false,\"match\":false,\"row_gap\":\"small\",\"vertical_align\":false,\"width\":\"expand\"},\"children\":[{\"type\":\"column\",\"props\":{\"image_position\":\"center-center\",\"image_size\":\"cover\",\"padding\":\"small\",\"position_sticky_breakpoint\":\"m\",\"style\":\"card-secondary\",\"text_color\":\"dark\",\"vertical_align\":\"middle\",\"width_medium\":\"3-5\"},\"children\":[{\"type\":\"image\",\"props\":{\"image\":\"wp-content\\\/uploads\\\/D06_001_ATD-11_01-Kopie-2.png\",\"image_svg_color\":\"emphasis\",\"image_width\":\"280\",\"margin\":\"remove-vertical\",\"margin_remove_bottom\":true,\"margin_remove_top\":true,\"position\":\"absolute\",\"position_top\":\"-180\",\"visibility\":\"m\"}},{\"type\":\"headline\",\"props\":{\"content\":\"F\\u00fcr bessere Fl\\u00fcge.\",\"title_element\":\"h1\",\"title_font_family\":\"default\",\"title_style\":\"h1\"}},{\"type\":\"text\",\"props\":{\"column_breakpoint\":\"m\",\"content\":\"Herzlich Willkommen bei AIR Avionics. Wir nutzen neueste Technologien um Ihre Fl\\u00fcge besser, sicherer und einfacher zu machen.\",\"margin\":\"default\",\"text_style\":\"lead\"}},{\"type\":\"button\",\"props\":{\"grid_column_gap\":\"small\",\"grid_row_gap\":\"small\",\"margin\":\"default\"},\"children\":[{\"type\":\"button_item\",\"props\":{\"button_style\":\"primary\",\"content\":\"Mehr \\u00fcber uns\",\"icon_align\":\"left\",\"link\":\"index.php?page_id=21&lang=de\"}}]}]},{\"type\":\"column\",\"props\":{\"image_position\":\"center-center\",\"position_sticky_breakpoint\":\"m\",\"width_medium\":\"2-5\"}}]}]},{\"name\":\"Products Grid\",\"type\":\"section\",\"props\":{\"animation\":\"slide-top-small\",\"header_overlay\":\"light\",\"height_viewport\":false,\"image_position\":\"center-center\",\"image_size\":\"cover\",\"padding\":\"none\",\"padding_remove_top\":false,\"style\":\"default\",\"title_breakpoint\":\"xl\",\"title_position\":\"top-left\",\"title_rotation\":\"left\",\"vertical_align\":\"middle\",\"width\":\"\"},\"children\":[{\"type\":\"row\",\"props\":{\"column_gap\":\"collapse\",\"layout\":\"1-2,1-2\",\"margin\":\"small\",\"match\":false,\"row_gap\":\"collapse\",\"vertical_align\":false},\"children\":[{\"type\":\"column\",\"props\":{\"image\":\"wp-content\\\/uploads\\\/traffic_header5.jpg\",\"image_height\":\"470\",\"image_position\":\"center-right\",\"image_size\":\"cover\",\"image_width\":\"700\",\"padding\":\"xlarge\",\"position_sticky_breakpoint\":\"m\",\"preserve_color\":false,\"style\":\"tile-primary\",\"width_medium\":\"1-2\"},\"children\":[{\"type\":\"headline\",\"props\":{\"animation\":\"parallax\",\"block_align\":\"center\",\"content\":\"Verkehr sicher vermeiden\",\"margin\":\"small\",\"maxwidth\":\"2xlarge\",\"parallax_breakpoint\":\"m\",\"parallax_easing\":\"1\",\"parallax_y\":\"0,-50\",\"title_element\":\"h2\",\"title_style\":\"heading-small\"}},{\"type\":\"button\",\"props\":{\"animation\":\"parallax\",\"block_align\":\"center\",\"grid_column_gap\":\"small\",\"grid_row_gap\":\"small\",\"margin\":\"remove-vertical\",\"maxwidth\":\"2xlarge\",\"parallax_breakpoint\":\"m\",\"parallax_easing\":\"1\",\"parallax_y\":\"0,-50\",\"position\":\"relative\",\"position_z_index\":\"3\"},\"children\":[{\"type\":\"button_item\",\"props\":{\"button_style\":\"secondary\",\"content\":\"AIR Traffic Systeme\",\"icon_align\":\"left\",\"link\":\"https:\\\/\\\/www.air-avionics.com\\\/?page_id=653&lang=de\"}}]},{\"type\":\"image\",\"props\":{\"image\":\"wp-content\\\/uploads\\\/D06_008_ATD-80__AT-1__AD80_00-Kopie-2.png\",\"image_svg_color\":\"emphasis\",\"image_width\":\"380\",\"margin\":\"default\",\"position\":\"absolute\",\"position_left\":\"200\",\"position_top\":\"30\",\"position_z_index\":\"0\",\"visibility\":\"l\"}}]},{\"type\":\"column\",\"props\":{\"image\":\"wp-content\\\/uploads\\\/asg32_bg.jpg\",\"image_height\":\"470\",\"image_position\":\"center-center\",\"image_size\":\"cover\",\"image_width\":\"700\",\"media_background\":\"#000000\",\"padding\":\"xlarge\",\"position_sticky_breakpoint\":\"m\",\"preserve_color\":false,\"text_color\":\"light\",\"width_medium\":\"1-2\"},\"children\":[{\"type\":\"headline\",\"props\":{\"animation\":\"parallax\",\"block_align\":\"center\",\"content\":\"<span style=\\\"color: #F30EAB\\\">Eine klitzekleine Revolution<\\\/span>\",\"margin\":\"small\",\"maxwidth\":\"2xlarge\",\"parallax_easing\":\"1\",\"parallax_y\":\"0,-50\",\"title_element\":\"h2\",\"title_style\":\"heading-small\"}},{\"type\":\"button\",\"props\":{\"animation\":\"parallax\",\"block_align\":\"center\",\"grid_column_gap\":\"small\",\"grid_row_gap\":\"small\",\"margin\":\"remove-vertical\",\"maxwidth\":\"2xlarge\",\"parallax_easing\":\"1\",\"parallax_y\":\"0,-50\",\"position\":\"relative\",\"position_z_index\":\"3\"},\"children\":[{\"type\":\"button_item\",\"props\":{\"button_style\":\"primary\",\"content\":\"Funk & XPDR Systeme\",\"icon_align\":\"left\",\"link\":\"http:\\\/\\\/www.air-avionics.com?page_id=178&lang=de\"}}]},{\"type\":\"image\",\"props\":{\"image\":\"wp-content\\\/uploads\\\/011_ACD-57__AC-1__AX-1__LRU-Verbindungswinkel_05-Kopie.png\",\"image_svg_color\":\"emphasis\",\"image_width\":\"380\",\"margin\":\"remove-vertical\",\"position\":\"absolute\",\"position_left\":\"200\",\"position_top\":\"60\",\"position_z_index\":\"0\",\"visibility\":\"l\"}}]}]}]}],\"version\":\"4.2.11\"} --><\/p>\n","protected":false},"excerpt":{"rendered":"<p>F\u00fcr bessere Fl\u00fcge. Herzlich Willkommen bei AIR Avionics. Wir nutzen neueste Technologien um Ihre Fl\u00fcge besser, sicherer und einfacher zu machen. Mehr \u00fcber uns Verkehr sicher vermeiden AIR Traffic Systeme Eine klitzekleine Revolution Funk &#038; XPDR Systeme<\/p>\n","protected":false},"author":1,"featured_media":0,"parent":0,"menu_order":2,"comment_status":"closed","ping_status":"open","template":"","meta":{"footnotes":""},"class_list":["post-629","page","type-page","status-publish","hentry"],"_links":{"self":[{"href":"https:\/\/staging.air-avionics.com\/de\/wp-json\/wp\/v2\/pages\/629","targetHints":{"allow":["GET"]}}],"collection":[{"href":"https:\/\/staging.air-avionics.com\/de\/wp-json\/wp\/v2\/pages"}],"about":[{"href":"https:\/\/staging.air-avionics.com\/de\/wp-json\/wp\/v2\/types\/page"}],"author":[{"embeddable":true,"href":"https:\/\/staging.air-avionics.com\/de\/wp-json\/wp\/v2\/users\/1"}],"replies":[{"embeddable":true,"href":"https:\/\/staging.air-avionics.com\/de\/wp-json\/wp\/v2\/comments?post=629"}],"version-history":[{"count":72,"href":"https:\/\/staging.air-avionics.com\/de\/wp-json\/wp\/v2\/pages\/629\/revisions"}],"predecessor-version":[{"id":46380,"href":"https:\/\/staging.air-avionics.com\/de\/wp-json\/wp\/v2\/pages\/629\/revisions\/46380"}],"wp:attachment":[{"href":"https:\/\/staging.air-avionics.com\/de\/wp-json\/wp\/v2\/media?parent=629"}],"curies":[{"name":"wp","href":"https:\/\/api.w.org\/{rel}","templated":true}]}}